{"id":17,"date":"2016-11-25T12:45:00","date_gmt":"2016-11-25T12:45:00","guid":{"rendered":"http:\/\/46.101.0.226\/?page_id=17"},"modified":"2019-06-17T13:33:27","modified_gmt":"2019-06-17T10:33:27","slug":"team","status":"publish","type":"page","link":"https:\/\/old.kanepes.lv\/en\/team\/","title":{"rendered":"Team"},"content":{"rendered":"<p>[vc_row][vc_column width=&#8221;1\/4&#8243;][vc_single_image image=&#8221;1324&#8243; alignment=&#8221;center&#8221; style=&#8221;vc_box_circle&#8221;][vc_column_text]<\/p>\n<p style=\"text-align: center;\"><span class=\"TextRun Highlight SCX88395241\" lang=\"LV-LV\" xml:lang=\"LV-LV\"><span class=\"NormalTextRun SCX88395241\">K<\/span><\/span><span class=\"TextRun Highlight SCX88395241\" lang=\"LV-LV\" xml:lang=\"LV-LV\"><span class=\"NormalTextRun SCX88395241\">atram fotogr\u0101fija, v\u0101rds, ko KKC dara un atbildes uz da\u017eiem jaut\u0101jumiem.<\/span><\/span><\/p>\n<p>[\/vc_column_text][\/vc_column][vc_column width=&#8221;1\/4&#8243;][vc_single_image image=&#8221;23&#8243; alignment=&#8221;center&#8221; style=&#8221;vc_box_circle&#8221;][vc_column_text]<\/p>\n<p style=\"text-align: center;\"><span class=\"TextRun Highlight SCX88395241\" lang=\"LV-LV\" xml:lang=\"LV-LV\"><span class=\"NormalTextRun SCX88395241\">K<\/span><\/span><span class=\"TextRun Highlight SCX88395241\" lang=\"LV-LV\" xml:lang=\"LV-LV\"><span class=\"NormalTextRun SCX88395241\">atram fotogr\u0101fija, v\u0101rds, ko KKC dara un atbildes uz da\u017eiem jaut\u0101jumiem.<\/span><\/span><\/p>\n<p>[\/vc_column_text][\/vc_column][vc_column width=&#8221;1\/4&#8243;][vc_single_image image=&#8221;23&#8243; alignment=&#8221;center&#8221; style=&#8221;vc_box_circle&#8221;][vc_column_text]<\/p>\n<p style=\"text-align: center;\"><span class=\"TextRun Highlight SCX88395241\" lang=\"LV-LV\" xml:lang=\"LV-LV\"><span class=\"NormalTextRun SCX88395241\">K<\/span><\/span><span class=\"TextRun Highlight SCX88395241\" lang=\"LV-LV\" xml:lang=\"LV-LV\"><span class=\"NormalTextRun SCX88395241\">atram fotogr\u0101fija, v\u0101rds, ko KKC dara un atbildes uz da\u017eiem jaut\u0101jumiem.<\/span><\/span><\/p>\n<p>[\/vc_column_text][\/vc_column][vc_column width=&#8221;1\/4&#8243;][vc_single_image image=&#8221;23&#8243; alignment=&#8221;center&#8221; style=&#8221;vc_box_circle&#8221;][vc_column_text]<\/p>\n<p style=\"text-align: center;\"><span class=\"TextRun Highlight SCX88395241\" lang=\"LV-LV\" xml:lang=\"LV-LV\"><span class=\"NormalTextRun SCX88395241\">K<\/span><\/span><span class=\"TextRun Highlight SCX88395241\" lang=\"LV-LV\" xml:lang=\"LV-LV\"><span class=\"NormalTextRun SCX88395241\">atram fotogr\u0101fija, v\u0101rds, ko KKC dara un atbildes uz da\u017eiem jaut\u0101jumiem.<\/span><\/span><\/p>\n<p>[\/vc_column_text][\/vc_column][\/vc_row][vc_row][vc_column width=&#8221;1\/4&#8243;][vc_single_image image=&#8221;23&#8243; alignment=&#8221;center&#8221; style=&#8221;vc_box_circle&#8221;][vc_column_text]<\/p>\n<p style=\"text-align: center;\"><span class=\"TextRun Highlight SCX88395241\" lang=\"LV-LV\" xml:lang=\"LV-LV\"><span class=\"NormalTextRun SCX88395241\">K<\/span><\/span><span class=\"TextRun Highlight SCX88395241\" lang=\"LV-LV\" xml:lang=\"LV-LV\"><span class=\"NormalTextRun SCX88395241\">atram fotogr\u0101fija, v\u0101rds, ko KKC dara un atbildes uz da\u017eiem jaut\u0101jumiem.<\/span><\/span><\/p>\n<p>[\/vc_column_text][\/vc_column][vc_column width=&#8221;1\/4&#8243;][vc_single_image image=&#8221;23&#8243; alignment=&#8221;center&#8221; style=&#8221;vc_box_circle&#8221;][vc_column_text]<\/p>\n<p style=\"text-align: center;\"><span class=\"TextRun Highlight SCX88395241\" lang=\"LV-LV\" xml:lang=\"LV-LV\"><span class=\"NormalTextRun SCX88395241\">K<\/span><\/span><span class=\"TextRun Highlight SCX88395241\" lang=\"LV-LV\" xml:lang=\"LV-LV\"><span class=\"NormalTextRun SCX88395241\">atram fotogr\u0101fija, v\u0101rds, ko KKC dara un atbildes uz da\u017eiem jaut\u0101jumiem.<\/span><\/span><\/p>\n<p>[\/vc_column_text][\/vc_column][vc_column width=&#8221;1\/4&#8243;][vc_single_image image=&#8221;23&#8243; alignment=&#8221;center&#8221; style=&#8221;vc_box_circle&#8221;][vc_column_text]<\/p>\n<p style=\"text-align: center;\"><span class=\"TextRun Highlight SCX88395241\" lang=\"LV-LV\" xml:lang=\"LV-LV\"><span class=\"NormalTextRun SCX88395241\">K<\/span><\/span><span class=\"TextRun Highlight SCX88395241\" lang=\"LV-LV\" xml:lang=\"LV-LV\"><span class=\"NormalTextRun SCX88395241\">atram fotogr\u0101fija, v\u0101rds, ko KKC dara un atbildes uz da\u017eiem jaut\u0101jumiem.<\/span><\/span><\/p>\n<p>[\/vc_column_text][\/vc_column][vc_column width=&#8221;1\/4&#8243;][vc_single_image image=&#8221;23&#8243; alignment=&#8221;center&#8221; style=&#8221;vc_box_circle&#8221;][vc_column_text]<\/p>\n<p style=\"text-align: center;\"><span class=\"TextRun Highlight SCX88395241\" lang=\"LV-LV\" xml:lang=\"LV-LV\"><span class=\"NormalTextRun SCX88395241\">K<\/span><\/span><span class=\"TextRun Highlight SCX88395241\" lang=\"LV-LV\" xml:lang=\"LV-LV\"><span class=\"NormalTextRun SCX88395241\">atram fotogr\u0101fija, v\u0101rds, ko KKC dara un atbildes uz da\u017eiem jaut\u0101jumiem.<\/span><\/span><\/p>\n<p>[\/vc_column_text][\/vc_column][\/vc_row][vc_row][vc_column width=&#8221;1\/4&#8243;][vc_single_image image=&#8221;23&#8243; alignment=&#8221;center&#8221; style=&#8221;vc_box_circle&#8221;][vc_column_text]<\/p>\n<p style=\"text-align: center;\"><span class=\"TextRun Highlight SCX88395241\" lang=\"LV-LV\" xml:lang=\"LV-LV\"><span class=\"NormalTextRun SCX88395241\">K<\/span><\/span><span class=\"TextRun Highlight SCX88395241\" lang=\"LV-LV\" xml:lang=\"LV-LV\"><span class=\"NormalTextRun SCX88395241\">atram fotogr\u0101fija, v\u0101rds, ko KKC dara un atbildes uz da\u017eiem jaut\u0101jumiem.<\/span><\/span><\/p>\n<p>[\/vc_column_text][\/vc_column][vc_column width=&#8221;1\/4&#8243;][vc_single_image image=&#8221;23&#8243; alignment=&#8221;center&#8221; style=&#8221;vc_box_circle&#8221;][vc_column_text]<\/p>\n<p style=\"text-align: center;\"><span class=\"TextRun Highlight SCX88395241\" lang=\"LV-LV\" xml:lang=\"LV-LV\"><span class=\"NormalTextRun SCX88395241\">K<\/span><\/span><span class=\"TextRun Highlight SCX88395241\" lang=\"LV-LV\" xml:lang=\"LV-LV\"><span class=\"NormalTextRun SCX88395241\">atram fotogr\u0101fija, v\u0101rds, ko KKC dara un atbildes uz da\u017eiem jaut\u0101jumiem.<\/span><\/span><\/p>\n<p>[\/vc_column_text][\/vc_column][vc_column width=&#8221;1\/4&#8243;][vc_single_image image=&#8221;23&#8243; alignment=&#8221;center&#8221; style=&#8221;vc_box_circle&#8221;][vc_column_text]<\/p>\n<p style=\"text-align: center;\"><span class=\"TextRun Highlight SCX88395241\" lang=\"LV-LV\" xml:lang=\"LV-LV\"><span class=\"NormalTextRun SCX88395241\">K<\/span><\/span><span class=\"TextRun Highlight SCX88395241\" lang=\"LV-LV\" xml:lang=\"LV-LV\"><span class=\"NormalTextRun SCX88395241\">atram fotogr\u0101fija, v\u0101rds, ko KKC dara un atbildes uz da\u017eiem jaut\u0101jumiem.<\/span><\/span><\/p>\n<p>[\/vc_column_text][\/vc_column][vc_column width=&#8221;1\/4&#8243;][vc_single_image image=&#8221;23&#8243; alignment=&#8221;center&#8221; style=&#8221;vc_box_circle&#8221;][vc_column_text]<\/p>\n<p style=\"text-align: center;\"><span class=\"TextRun Highlight SCX88395241\" lang=\"LV-LV\" xml:lang=\"LV-LV\"><span class=\"NormalTextRun SCX88395241\">K<\/span><\/span><span class=\"TextRun Highlight SCX88395241\" lang=\"LV-LV\" xml:lang=\"LV-LV\"><span class=\"NormalTextRun SCX88395241\">atram fotogr\u0101fija, v\u0101rds, ko KKC dara un atbildes uz da\u017eiem jaut\u0101jumiem.<\/span><\/span><\/p>\n<p>[\/vc_column_text][\/vc_column][\/vc_row][vc_row][vc_column width=&#8221;1\/4&#8243;][vc_single_image image=&#8221;23&#8243; alignment=&#8221;center&#8221; style=&#8221;vc_box_circle&#8221;][vc_column_text]<\/p>\n<p style=\"text-align: center;\"><span class=\"TextRun Highlight SCX88395241\" lang=\"LV-LV\" xml:lang=\"LV-LV\"><span class=\"NormalTextRun SCX88395241\">K<\/span><\/span><span class=\"TextRun Highlight SCX88395241\" lang=\"LV-LV\" xml:lang=\"LV-LV\"><span class=\"NormalTextRun SCX88395241\">atram fotogr\u0101fija, v\u0101rds, ko KKC dara un atbildes uz da\u017eiem jaut\u0101jumiem.<\/span><\/span><\/p>\n<p>[\/vc_column_text][\/vc_column][vc_column width=&#8221;1\/4&#8243;][vc_single_image image=&#8221;23&#8243; alignment=&#8221;center&#8221; style=&#8221;vc_box_circle&#8221;][vc_column_text]<\/p>\n<p style=\"text-align: center;\"><span class=\"TextRun Highlight SCX88395241\" lang=\"LV-LV\" xml:lang=\"LV-LV\"><span class=\"NormalTextRun SCX88395241\">K<\/span><\/span><span class=\"TextRun Highlight SCX88395241\" lang=\"LV-LV\" xml:lang=\"LV-LV\"><span class=\"NormalTextRun SCX88395241\">atram fotogr\u0101fija, v\u0101rds, ko KKC dara un atbildes uz da\u017eiem jaut\u0101jumiem.<\/span><\/span><\/p>\n<p>[\/vc_column_text][\/vc_column][vc_column width=&#8221;1\/4&#8243;][vc_single_image image=&#8221;23&#8243; alignment=&#8221;center&#8221; style=&#8221;vc_box_circle&#8221;][vc_column_text]<\/p>\n<p style=\"text-align: center;\"><span class=\"TextRun Highlight SCX88395241\" lang=\"LV-LV\" xml:lang=\"LV-LV\"><span class=\"NormalTextRun SCX88395241\">K<\/span><\/span><span class=\"TextRun Highlight SCX88395241\" lang=\"LV-LV\" xml:lang=\"LV-LV\"><span class=\"NormalTextRun SCX88395241\">atram fotogr\u0101fija, v\u0101rds, ko KKC dara un atbildes uz da\u017eiem jaut\u0101jumiem.<\/span><\/span><\/p>\n<p>[\/vc_column_text][\/vc_column][vc_column width=&#8221;1\/4&#8243;][vc_single_image image=&#8221;23&#8243; alignment=&#8221;center&#8221; style=&#8221;vc_box_circle&#8221;][vc_column_text]<\/p>\n<p style=\"text-align: center;\"><span class=\"TextRun Highlight SCX88395241\" lang=\"LV-LV\" xml:lang=\"LV-LV\"><span class=\"NormalTextRun SCX88395241\">K<\/span><\/span><span class=\"TextRun Highlight SCX88395241\" lang=\"LV-LV\" xml:lang=\"LV-LV\"><span class=\"NormalTextRun SCX88395241\">atram fotogr\u0101fija, v\u0101rds, ko KKC dara un atbildes uz da\u017eiem jaut\u0101jumiem.<\/span><\/span><\/p>\n<p>[\/vc_column_text][\/vc_column][\/vc_row][vc_row][vc_column width=&#8221;1\/4&#8243;][vc_single_image image=&#8221;23&#8243; alignment=&#8221;center&#8221; style=&#8221;vc_box_circle&#8221;][vc_column_text]<\/p>\n<p style=\"text-align: center;\"><span class=\"TextRun Highlight SCX88395241\" lang=\"LV-LV\" xml:lang=\"LV-LV\"><span class=\"NormalTextRun SCX88395241\">K<\/span><\/span><span class=\"TextRun Highlight SCX88395241\" lang=\"LV-LV\" xml:lang=\"LV-LV\"><span class=\"NormalTextRun SCX88395241\">atram fotogr\u0101fija, v\u0101rds, ko KKC dara un atbildes uz da\u017eiem jaut\u0101jumiem.<\/span><\/span><\/p>\n<p>[\/vc_column_text][\/vc_column][vc_column width=&#8221;1\/4&#8243;][vc_single_image image=&#8221;23&#8243; alignment=&#8221;center&#8221; style=&#8221;vc_box_circle&#8221;][vc_column_text]<\/p>\n<p style=\"text-align: center;\"><span class=\"TextRun Highlight SCX88395241\" lang=\"LV-LV\" xml:lang=\"LV-LV\"><span class=\"NormalTextRun SCX88395241\">K<\/span><\/span><span class=\"TextRun Highlight SCX88395241\" lang=\"LV-LV\" xml:lang=\"LV-LV\"><span class=\"NormalTextRun SCX88395241\">atram fotogr\u0101fija, v\u0101rds, ko KKC dara un atbildes uz da\u017eiem jaut\u0101jumiem.<\/span><\/span><\/p>\n<p>[\/vc_column_text][\/vc_column][vc_column width=&#8221;1\/4&#8243;][vc_single_image image=&#8221;23&#8243; alignment=&#8221;center&#8221; style=&#8221;vc_box_circle&#8221;][vc_column_text]<\/p>\n<p style=\"text-align: center;\"><span class=\"TextRun Highlight SCX88395241\" lang=\"LV-LV\" xml:lang=\"LV-LV\"><span class=\"NormalTextRun SCX88395241\">K<\/span><\/span><span class=\"TextRun Highlight SCX88395241\" lang=\"LV-LV\" xml:lang=\"LV-LV\"><span class=\"NormalTextRun SCX88395241\">atram fotogr\u0101fija, v\u0101rds, ko KKC dara un atbildes uz da\u017eiem jaut\u0101jumiem.<\/span><\/span><\/p>\n<p>[\/vc_column_text][\/vc_column][vc_column width=&#8221;1\/4&#8243;][vc_single_image image=&#8221;23&#8243; alignment=&#8221;center&#8221; style=&#8221;vc_box_circle&#8221;][vc_column_text]<\/p>\n<p style=\"text-align: center;\"><span class=\"TextRun Highlight SCX88395241\" lang=\"LV-LV\" xml:lang=\"LV-LV\"><span class=\"NormalTextRun SCX88395241\">K<\/span><\/span><span class=\"TextRun Highlight SCX88395241\" lang=\"LV-LV\" xml:lang=\"LV-LV\"><span class=\"NormalTextRun SCX88395241\">atram fotogr\u0101fija, v\u0101rds, ko KKC dara un atbildes uz da\u017eiem jaut\u0101jumiem.<\/span><\/span><\/p>\n<p>[\/vc_column_text][\/vc_column][\/vc_row]<\/p>","protected":false},"excerpt":{"rendered":"<p>[vc_row][vc_column width=&#8221;1\/4&#8243;][vc_single_image image=&#8221;1324&#8243; alignment=&#8221;center&#8221; style=&#8221;vc_box_circle&#8221;][vc_column_text] Katram fotogr\u0101fija, v\u0101rds, ko KKC dara un atbildes uz da\u017eiem jaut\u0101jumiem. [\/vc_column_text][\/vc_column][vc_column width=&#8221;1\/4&#8243;][vc_single_image image=&#8221;23&#8243; alignment=&#8221;center&#8221; [&hellip;]<\/p>\n","protected":false},"author":1,"featured_media":0,"parent":0,"menu_order":0,"comment_status":"closed","ping_status":"closed","template":"darbinieki.php","meta":{"_acf_changed":false,"footnotes":""},"class_list":["post-17","page","type-page","status-publish","hentry"],"acf":[],"_links":{"self":[{"href":"https:\/\/old.kanepes.lv\/en\/wp-json\/wp\/v2\/pages\/17"}],"collection":[{"href":"https:\/\/old.kanepes.lv\/en\/wp-json\/wp\/v2\/pages"}],"about":[{"href":"https:\/\/old.kanepes.lv\/en\/wp-json\/wp\/v2\/types\/page"}],"author":[{"embeddable":true,"href":"https:\/\/old.kanepes.lv\/en\/wp-json\/wp\/v2\/users\/1"}],"replies":[{"embeddable":true,"href":"https:\/\/old.kanepes.lv\/en\/wp-json\/wp\/v2\/comments?post=17"}],"version-history":[{"count":24,"href":"https:\/\/old.kanepes.lv\/en\/wp-json\/wp\/v2\/pages\/17\/revisions"}],"predecessor-version":[{"id":25256,"href":"https:\/\/old.kanepes.lv\/en\/wp-json\/wp\/v2\/pages\/17\/revisions\/25256"}],"wp:attachment":[{"href":"https:\/\/old.kanepes.lv\/en\/wp-json\/wp\/v2\/media?parent=17"}],"curies":[{"name":"wp","href":"https:\/\/api.w.org\/{rel}","templated":true}]}}